{"id":153,"date":"2024-10-29T18:14:04","date_gmt":"2024-10-29T23:14:04","guid":{"rendered":"http:\/\/localhost\/exitus-web2025\/academics\/"},"modified":"2025-11-14T10:52:19","modified_gmt":"2025-11-14T15:52:19","slug":"nosotros","status":"publish","type":"page","link":"https:\/\/academiaexitus.edu.pe\/?page_id=153","title":{"rendered":"Nosotros"},"content":{"rendered":"\t\t<div data-elementor-type=\"wp-page\" data-elementor-id=\"153\" class=\"elementor elementor-153\">\n\t\t\t\t<div class=\"elementor-element elementor-element-72a5068 e-flex e-con-boxed e-con e-parent\" data-id=\"72a5068\" data-element_type=\"container\" data-settings=\"{&quot;background_background&quot;:&quot;classic&quot;}\">\n\t\t\t\t\t<div class=\"e-con-inner\">\n\t\t<div class=\"elementor-element elementor-element-a339cfa e-con-full e-flex e-con e-child\" data-id=\"a339cfa\" data-element_type=\"container\" data-settings=\"{&quot;background_background&quot;:&quot;classic&quot;}\">\n\t\t\t\t<div class=\"elementor-element elementor-element-055701a elementor-widget elementor-widget-heading\" data-id=\"055701a\" data-element_type=\"widget\" data-widget_type=\"heading.default\">\n\t\t\t\t<div class=\"elementor-widget-container\">\n\t\t\t\t\t<h1 class=\"elementor-heading-title elementor-size-default\">\u00bfQui\u00e9nes somos?<\/h1>\t\t\t\t<\/div>\n\t\t\t\t<\/div>\n\t\t\t\t<div class=\"elementor-element elementor-element-862209e elementor-widget elementor-widget-text-editor\" data-id=\"862209e\" data-element_type=\"widget\" data-widget_type=\"text-editor.default\">\n\t\t\t\t<div class=\"elementor-widget-container\">\n\t\t\t\t\t\t\t\t\t<p>Academia EXITUS es una instituci\u00f3n dedicada a la formaci\u00f3n preuniversitaria de j\u00f3venes bajo los m\u00e1s altos est\u00e1ndares de calidad y exigencia acad\u00e9mica. A lo largo de nuestra trayectoria, hemos forjado una s\u00f3lida reputaci\u00f3n en el norte del pa\u00eds, destac\u00e1ndonos por nuestro enfoque educativo innovador y la implementaci\u00f3n de tecnolog\u00edas de vanguardia. Nuestra misi\u00f3n es preparar integralmente a nuestros estudiantes para que afronten con \u00e9xito los desaf\u00edos de la vida universitaria y profesional, aportando al fortalecimiento de la educaci\u00f3n en el Per\u00fa. Estamos comprometidos con la excelencia, la mejora continua y el desarrollo de l\u00edderes que trascienden en el tiempo y el espacio.<\/p>\t\t\t\t\t\t\t\t<\/div>\n\t\t\t\t<\/div>\n\t\t\t\t<div class=\"elementor-element elementor-element-a862d50 elementor-widget elementor-widget-image\" data-id=\"a862d50\" data-element_type=\"widget\" data-widget_type=\"image.default\">\n\t\t\t\t<div class=\"elementor-widget-container\">\n\t\t\t\t\t\t\t\t\t\t\t\t\t\t\t<img fetchpriority=\"high\" decoding=\"async\" width=\"1024\" height=\"484\" src=\"https:\/\/academiaexitus.edu.pe\/wp-content\/uploads\/2025\/08\/Copia-de-Copia-de-Copia-de-Copia-de-Amanecida-19-de-enero-1024x484.webp\" class=\"attachment-large size-large wp-image-1642\" alt=\"\" srcset=\"https:\/\/academiaexitus.edu.pe\/wp-content\/uploads\/2025\/08\/Copia-de-Copia-de-Copia-de-Copia-de-Amanecida-19-de-enero-1024x484.webp 1024w, https:\/\/academiaexitus.edu.pe\/wp-content\/uploads\/2025\/08\/Copia-de-Copia-de-Copia-de-Copia-de-Amanecida-19-de-enero-300x142.webp 300w, https:\/\/academiaexitus.edu.pe\/wp-content\/uploads\/2025\/08\/Copia-de-Copia-de-Copia-de-Copia-de-Amanecida-19-de-enero-768x363.webp 768w, https:\/\/academiaexitus.edu.pe\/wp-content\/uploads\/2025\/08\/Copia-de-Copia-de-Copia-de-Copia-de-Amanecida-19-de-enero-1536x727.webp 1536w, https:\/\/academiaexitus.edu.pe\/wp-content\/uploads\/2025\/08\/Copia-de-Copia-de-Copia-de-Copia-de-Amanecida-19-de-enero.webp 1748w\" sizes=\"(max-width: 1024px) 100vw, 1024px\" \/>\t\t\t\t\t\t\t\t\t\t\t\t\t\t\t<\/div>\n\t\t\t\t<\/div>\n\t\t\t\t<div class=\"elementor-element elementor-element-77b69b0 elementor-widget elementor-widget-spacer\" data-id=\"77b69b0\" data-element_type=\"widget\" data-widget_type=\"spacer.default\">\n\t\t\t\t<div class=\"elementor-widget-container\">\n\t\t\t\t\t\t\t<div class=\"elementor-spacer\">\n\t\t\t<div class=\"elementor-spacer-inner\"><\/div>\n\t\t<\/div>\n\t\t\t\t\t\t<\/div>\n\t\t\t\t<\/div>\n\t\t<div class=\"elementor-element elementor-element-4b48554 e-con-full e-flex e-con e-child\" data-id=\"4b48554\" data-element_type=\"container\">\n\t\t<div class=\"elementor-element elementor-element-f2d244b e-grid e-con-full e-con e-child\" data-id=\"f2d244b\" data-element_type=\"container\">\n\t\t\t\t<div class=\"elementor-element elementor-element-9bff0f5 elementor-widget elementor-widget-heading\" data-id=\"9bff0f5\" data-element_type=\"widget\" data-widget_type=\"heading.default\">\n\t\t\t\t<div class=\"elementor-widget-container\">\n\t\t\t\t\t<h2 class=\"elementor-heading-title elementor-size-default\">Nuestra Misi\u00f3n<\/h2>\t\t\t\t<\/div>\n\t\t\t\t<\/div>\n\t\t\t\t<div class=\"elementor-element elementor-element-c615757 elementor-widget elementor-widget-text-editor\" data-id=\"c615757\" data-element_type=\"widget\" data-widget_type=\"text-editor.default\">\n\t\t\t\t<div class=\"elementor-widget-container\">\n\t\t\t\t\t\t\t\t\t<p>Brindar una ense\u00f1anza de calidad con exigencia en el aprendizaje, aplicando tecnolog\u00edas educativas innovadoras con la finalidad de lograr la formaci\u00f3n integral de nuestros alumnos y as\u00ed prepararlos para la vida universitaria y ciudadana, y poder contribuir a fortalecer la educaci\u00f3n en nuestro Per\u00fa.<\/p>\t\t\t\t\t\t\t\t<\/div>\n\t\t\t\t<\/div>\n\t\t\t\t<div class=\"elementor-element elementor-element-88aa719 elementor-widget elementor-widget-text-editor\" data-id=\"88aa719\" data-element_type=\"widget\" data-widget_type=\"text-editor.default\">\n\t\t\t\t<div class=\"elementor-widget-container\">\n\t\t\t\t\t\t\t\t\t<p>Ser la academia l\u00edder en ense\u00f1anza preuniversitaria en el norte del pa\u00eds, y ser reconocida por su excelente calidad en el servicio educativo, innovando constantemente nuestro sistema de ense\u00f1anza preuniversitaria, trascendiendo en el tiempo y en el espacio.<\/p>\t\t\t\t\t\t\t\t<\/div>\n\t\t\t\t<\/div>\n\t\t\t\t<div class=\"elementor-element elementor-element-9fc3767 elementor-widget elementor-widget-heading\" data-id=\"9fc3767\" data-element_type=\"widget\" data-widget_type=\"heading.default\">\n\t\t\t\t<div class=\"elementor-widget-container\">\n\t\t\t\t\t<h2 class=\"elementor-heading-title elementor-size-default\">Nuestra Visi\u00f3n<\/h2>\t\t\t\t<\/div>\n\t\t\t\t<\/div>\n\t\t\t\t<\/div>\n\t\t\t\t<\/div>\n\t\t\t\t<div class=\"elementor-element elementor-element-2d958e4 elementor-widget-divider--view-line elementor-widget elementor-widget-divider\" data-id=\"2d958e4\" data-element_type=\"widget\" data-widget_type=\"divider.default\">\n\t\t\t\t<div class=\"elementor-widget-container\">\n\t\t\t\t\t\t\t<div class=\"elementor-divider\">\n\t\t\t<span class=\"elementor-divider-separator\">\n\t\t\t\t\t\t<\/span>\n\t\t<\/div>\n\t\t\t\t\t\t<\/div>\n\t\t\t\t<\/div>\n\t\t<div class=\"elementor-element elementor-element-e668430 e-con-full e-flex e-con e-child\" data-id=\"e668430\" data-element_type=\"container\">\n\t\t<div class=\"elementor-element elementor-element-a4d95bd e-grid e-con-full e-con e-child\" data-id=\"a4d95bd\" data-element_type=\"container\">\n\t\t\t\t<div class=\"elementor-element elementor-element-0a351af elementor-widget elementor-widget-text-editor\" data-id=\"0a351af\" data-element_type=\"widget\" data-widget_type=\"text-editor.default\">\n\t\t\t\t<div class=\"elementor-widget-container\">\n\t\t\t\t\t\t\t\t\t<h5><span style=\"color: #666699;\"><strong>Logros destacados:<\/strong><\/span><\/h5><p><strong>21 A\u00f1os de Liderazgo Comprobado<\/strong><\/p><p>Durante m\u00e1s de dos d\u00e9cadas, <strong>Exitus<\/strong> ha sido sin\u00f3nimo de excelencia y liderazgo absoluto en la preparaci\u00f3n <strong>preuniversitaria<\/strong> de la regi\u00f3n. Nuestro nombre es un referente de \u00e9xito, respaldado por resultados contundentes y verificables que marcan la diferencia a\u00f1o tras a\u00f1o.<\/p><p>Hegemon\u00eda en la <strong>Universidad Nacional de Piura (UNP)<\/strong><br \/>Nuestra trayectoria se define por un dominio constante en los procesos de admisi\u00f3n de la UNP. <strong>No solo logramos la mayor cantidad de ingresantes en cada examen, sino que consistentemente obtenemos el C\u00f3mputo General<\/strong>, el m\u00e1ximo puntaje entre todos los postulantes, un logro que refleja la rigurosidad y efectividad de nuestro sistema de ense\u00f1anza.<\/p><p><strong>Excelencia en Medicina Humana<\/strong> y las Carreras m\u00e1s Exigentes<br \/>El liderazgo de Exitus es especialmente notorio en la facultad m\u00e1s competitiva y anhelada: Medicina Humana. <strong>A\u00f1o tras a\u00f1o, nuestros alumnos ocupan los primeros puestos<\/strong>, demostrando una preparaci\u00f3n superior que les permite destacar en las \u00e1reas de mayor exigencia acad\u00e9mica. Este \u00e9xito se replica en todas las facultades, consolidando a nuestros estudiantes como los mejores de cada proceso.<\/p><p><em><strong>Un Legado de Profesionales Exitosos<\/strong><\/em><br \/>El mayor orgullo de <strong>Exitus<\/strong> es ver c\u00f3mo el sue\u00f1o de miles de j\u00f3venes que pasaron por nuestras aulas se ha convertido en una realidad profesional. Hoy, una vasta comunidad de m\u00e9dicos, ingenieros, abogados y especialistas que lideran en sus campos, comenzaron su camino hacia el \u00e9xito en Exitus. <strong>Ellos son nuestro legado y la prueba viviente de que nuestra formaci\u00f3n trasciende el ingreso a la universidad,<\/strong> forjando a los l\u00edderes que construyen el futuro de nuestra regi\u00f3n y del pa\u00eds.<\/p>\t\t\t\t\t\t\t\t<\/div>\n\t\t\t\t<\/div>\n\t\t<div class=\"elementor-element elementor-element-0a93a23 e-grid e-con-boxed e-con e-child\" data-id=\"0a93a23\" data-element_type=\"container\">\n\t\t\t\t\t<div class=\"e-con-inner\">\n\t\t\t\t<div class=\"elementor-element elementor-element-18cf490 elementor-widget elementor-widget-image\" data-id=\"18cf490\" data-element_type=\"widget\" data-widget_type=\"image.default\">\n\t\t\t\t<div class=\"elementor-widget-container\">\n\t\t\t\t\t\t\t\t\t\t\t\t\t\t\t<img decoding=\"async\" width=\"640\" height=\"640\" src=\"https:\/\/academiaexitus.edu.pe\/wp-content\/uploads\/2025\/08\/1.webp\" class=\"attachment-medium_large size-medium_large wp-image-1639\" alt=\"\" srcset=\"https:\/\/academiaexitus.edu.pe\/wp-content\/uploads\/2025\/08\/1.webp 640w, https:\/\/academiaexitus.edu.pe\/wp-content\/uploads\/2025\/08\/1-300x300.webp 300w, https:\/\/academiaexitus.edu.pe\/wp-content\/uploads\/2025\/08\/1-150x150.webp 150w\" sizes=\"(max-width: 640px) 100vw, 640px\" \/>\t\t\t\t\t\t\t\t\t\t\t\t\t\t\t<\/div>\n\t\t\t\t<\/div>\n\t\t\t\t<div class=\"elementor-element elementor-element-3ec1065 elementor-widget elementor-widget-image\" data-id=\"3ec1065\" data-element_type=\"widget\" data-widget_type=\"image.default\">\n\t\t\t\t<div class=\"elementor-widget-container\">\n\t\t\t\t\t\t\t\t\t\t\t\t\t\t\t<img decoding=\"async\" width=\"640\" height=\"640\" src=\"https:\/\/academiaexitus.edu.pe\/wp-content\/uploads\/2025\/08\/5.webp\" class=\"attachment-large size-large wp-image-1641\" alt=\"\" srcset=\"https:\/\/academiaexitus.edu.pe\/wp-content\/uploads\/2025\/08\/5.webp 640w, https:\/\/academiaexitus.edu.pe\/wp-content\/uploads\/2025\/08\/5-300x300.webp 300w, https:\/\/academiaexitus.edu.pe\/wp-content\/uploads\/2025\/08\/5-150x150.webp 150w\" sizes=\"(max-width: 640px) 100vw, 640px\" \/>\t\t\t\t\t\t\t\t\t\t\t\t\t\t\t<\/div>\n\t\t\t\t<\/div>\n\t\t\t\t\t<\/div>\n\t\t\t\t<\/div>\n\t\t\t\t<\/div>\n\t\t\t\t<\/div>\n\t\t\t\t<\/div>\n\t\t\t\t\t<\/div>\n\t\t\t\t<\/div>\n\t\t\t\t<\/div>\n\t\t","protected":false},"excerpt":{"rendered":"<p>\u00bfQui\u00e9nes somos? Academia EXITUS es una instituci\u00f3n dedicada a la formaci\u00f3n preuniversitaria de j\u00f3venes bajo los m\u00e1s altos est\u00e1ndares de calidad y exigencia acad\u00e9mica. A lo largo de nuestra trayectoria, hemos forjado una s\u00f3lida reputaci\u00f3n en el norte del pa\u00eds, destac\u00e1ndonos por nuestro enfoque educativo innovador y la implementaci\u00f3n de tecnolog\u00edas de vanguardia. Nuestra misi\u00f3n [&hellip;]<\/p>\n","protected":false},"author":1,"featured_media":0,"parent":0,"menu_order":0,"comment_status":"closed","ping_status":"closed","template":"","meta":{"site-sidebar-layout":"no-sidebar","site-content-layout":"page-builder","ast-site-content-layout":"full-width-container","site-content-style":"unboxed","site-sidebar-style":"unboxed","ast-global-header-display":"","ast-banner-title-visibility":"","ast-main-header-display":"","ast-hfb-above-header-display":"","ast-hfb-below-header-display":"","ast-hfb-mobile-header-display":"","site-post-title":"disabled","ast-breadcrumbs-content":"disabled","ast-featured-img":"disabled","footer-sml-layout":"","theme-transparent-header-meta":"default","adv-header-id-meta":"","stick-header-meta":"","header-above-stick-meta":"","header-main-stick-meta":"","header-below-stick-meta":"","astra-migrate-meta-layouts":"set","ast-page-background-enabled":"default","ast-page-background-meta":{"desktop":{"background-color":"","background-image":"","background-repeat":"repeat","background-position":"center center","background-size":"auto","background-attachment":"scroll","background-type":"","background-media":"","overlay-type":"","overlay-color":"","overlay-opacity":"","overlay-gradient":""},"tablet":{"background-color":"","background-image":"","background-repeat":"repeat","background-position":"center center","background-size":"auto","background-attachment":"scroll","background-type":"","background-media":"","overlay-type":"","overlay-color":"","overlay-opacity":"","overlay-gradient":""},"mobile":{"background-color":"","background-image":"","background-repeat":"repeat","background-position":"center center","background-size":"auto","background-attachment":"scroll","background-type":"","background-media":"","overlay-type":"","overlay-color":"","overlay-opacity":"","overlay-gradient":""}},"ast-content-background-meta":{"desktop":{"background-color":"var(--ast-global-color-5)","background-image":"","background-repeat":"repeat","background-position":"center center","background-size":"auto","background-attachment":"scroll","background-type":"","background-media":"","overlay-type":"","overlay-color":"","overlay-opacity":"","overlay-gradient":""},"tablet":{"background-color":"var(--ast-global-color-5)","background-image":"","background-repeat":"repeat","background-position":"center center","background-size":"auto","background-attachment":"scroll","background-type":"","background-media":"","overlay-type":"","overlay-color":"","overlay-opacity":"","overlay-gradient":""},"mobile":{"background-color":"var(--ast-global-color-5)","background-image":"","background-repeat":"repeat","background-position":"center center","background-size":"auto","background-attachment":"scroll","background-type":"","background-media":"","overlay-type":"","overlay-color":"","overlay-opacity":"","overlay-gradient":""}},"footnotes":""},"class_list":["post-153","page","type-page","status-publish","hentry"],"_links":{"self":[{"href":"https:\/\/academiaexitus.edu.pe\/index.php?rest_route=\/wp\/v2\/pages\/153","targetHints":{"allow":["GET"]}}],"collection":[{"href":"https:\/\/academiaexitus.edu.pe\/index.php?rest_route=\/wp\/v2\/pages"}],"about":[{"href":"https:\/\/academiaexitus.edu.pe\/index.php?rest_route=\/wp\/v2\/types\/page"}],"author":[{"embeddable":true,"href":"https:\/\/academiaexitus.edu.pe\/index.php?rest_route=\/wp\/v2\/users\/1"}],"replies":[{"embeddable":true,"href":"https:\/\/academiaexitus.edu.pe\/index.php?rest_route=%2Fwp%2Fv2%2Fcomments&post=153"}],"version-history":[{"count":10,"href":"https:\/\/academiaexitus.edu.pe\/index.php?rest_route=\/wp\/v2\/pages\/153\/revisions"}],"predecessor-version":[{"id":1869,"href":"https:\/\/academiaexitus.edu.pe\/index.php?rest_route=\/wp\/v2\/pages\/153\/revisions\/1869"}],"wp:attachment":[{"href":"https:\/\/academiaexitus.edu.pe\/index.php?rest_route=%2Fwp%2Fv2%2Fmedia&parent=153"}],"curies":[{"name":"wp","href":"https:\/\/api.w.org\/{rel}","templated":true}]}}